{"id":333,"date":"2026-04-29T14:24:13","date_gmt":"2026-04-29T20:24:13","guid":{"rendered":"https:\/\/escuela.teologialaicos.org\/?page_id=333"},"modified":"2026-04-29T15:06:41","modified_gmt":"2026-04-29T21:06:41","slug":"maestria-relacion-de-ayuda","status":"publish","type":"page","link":"http:\/\/escuela.teologialaicos.org\/?page_id=333","title":{"rendered":"Maestria en &#8216;Relacion de Ayuda&#8217;"},"content":{"rendered":"<p>La Maestria en \u00abRelacion de Ayuda\u00bb o \u00abCounselling\u00bb es un curso de alto nivel para formar profesionales que puedan ayudar eficazmente en momentos dificiles&#8230; cuando\u00a0a las personas cuando atraviesan momentos dif\u00edciles, toman decisiones importantes o buscan comprender mejor lo que viven y sienten.<\/p>\n<p>No es dar consejos ni decirle a alguien qu\u00e9 hacer, sino escuchar con respeto, ayudar a clarificar pensamientos y fortalecer los propios recursos personales.<\/p>\n<p>A trav\u00e9s del di\u00e1logo, la empat\u00eda y herramientas psicol\u00f3gicas y humanas, el Counselling o la Relaci\u00f3n de Ayuda favorece el crecimiento personal, la toma de decisiones conscientes y una vida m\u00e1s plena.<br \/>\nPuede aplicarse en \u00e1mbitos educativos, sociales, pastorales, de salud y desarrollo humano.<\/p>\n<p>Maestria con reconocimiento oficial por la SEP (Mexico), impartido por el Centro San Camilo<\/p>\n<p>PDF con toda la informacion:\u00a0<a href=\"http:\/\/escuela.teologialaicos.org\/wp-content\/uploads\/2026\/04\/Maestria_RA.pdf\">Maestria_RA<\/a><\/p>\n<p><a href=\"http:\/\/escuela.teologialaicos.org\/wp-content\/uploads\/2026\/04\/Maestria_RA.pdf\" target=\"_blank\" rel=\"noopener\"><img loading=\"lazy\" decoding=\"async\" class=\"alignnone wp-image-337\" src=\"http:\/\/escuela.teologialaicos.org\/wp-content\/uploads\/2026\/04\/MRA_01-300x165.png\" alt=\"\" width=\"536\" height=\"295\" srcset=\"http:\/\/escuela.teologialaicos.org\/wp-content\/uploads\/2026\/04\/MRA_01-300x165.png 300w, http:\/\/escuela.teologialaicos.org\/wp-content\/uploads\/2026\/04\/MRA_01-768x422.png 768w, http:\/\/escuela.teologialaicos.org\/wp-content\/uploads\/2026\/04\/MRA_01.png 960w\" sizes=\"auto, (max-width: 536px) 100vw, 536px\" \/><\/a><\/p>\n<h3>\u00bfQu\u00e9 es?:<\/h3>\n<p>Un proceso de formaci\u00f3n profesional y humana enfocado en el arte de acompa\u00f1ar a personas en crisis, duelo o toma de decisiones, utilizando la escucha emp\u00e1tica y herramientas psicol\u00f3gicas[cite: 2, 4, 31].<\/p>\n<h3>\u00bfA qui\u00e9nes va ofrecido?:<\/h3>\n<p>A profesionales y voluntarios (docentes, terapeutas, agentes pastorales y personal de salud) que deseen profesionalizar su labor de acompa\u00f1amiento con una base \u00e9tica y cient\u00edfica[cite: 12, 27, 32].<\/p>\n<h3>Campo de aplicaci\u00f3n:<\/h3>\n<p>\u00c1mbitos educativos, sanitarios, sociales, pastorales y de desarrollo humano, as\u00ed como en la intervenci\u00f3n en crisis y direcci\u00f3n de grupos de ayuda[cite: 5, 20, 54].<\/p>\n<h3>Duraci\u00f3n:<\/h3>\n<p>Dos a\u00f1os, organizados en seis cuatrimestres, bajo una modalidad mixta (presencial o v\u00eda Meet) los viernes sabados (horios por confirmarse)<\/p>\n<h3>Requisitos:<\/h3>\n<p>Contar con licenciatura terminada (t\u00edtulo y c\u00e9dula para validez oficial) o como medio de titulaci\u00f3n. [cite_start]Se requiere documentaci\u00f3n b\u00e1sica como acta de nacimiento, CURP, certificado de estudios e INE<\/p>\n<h3>Costo:<\/h3>\n<p>250 usd mensuales \/ 200 usd inscripcion<\/p>\n","protected":false},"excerpt":{"rendered":"<p>La Maestria en \u00abRelacion de Ayuda\u00bb o \u00abCounselling\u00bb es un curso de alto nivel para formar profesionales que puedan ayudar eficazmente en momentos dificiles&#8230; cuando\u00a0a las personas cuando atraviesan momentos dif\u00edciles, toman decisiones importantes o buscan comprender mejor lo que viven y sienten. No es dar consejos ni decirle a alguien qu\u00e9 hacer, sino escuchar [&hellip;]<\/p>\n","protected":false},"author":1,"featured_media":0,"parent":71,"menu_order":0,"comment_status":"closed","ping_status":"closed","template":"wp-custom-template-plantilla-ancho-total","meta":{"_themeisle_gutenberg_block_has_review":false,"footnotes":""},"class_list":["post-333","page","type-page","status-publish","hentry"],"_links":{"self":[{"href":"http:\/\/escuela.teologialaicos.org\/index.php?rest_route=\/wp\/v2\/pages\/333","targetHints":{"allow":["GET"]}}],"collection":[{"href":"http:\/\/escuela.teologialaicos.org\/index.php?rest_route=\/wp\/v2\/pages"}],"about":[{"href":"http:\/\/escuela.teologialaicos.org\/index.php?rest_route=\/wp\/v2\/types\/page"}],"author":[{"embeddable":true,"href":"http:\/\/escuela.teologialaicos.org\/index.php?rest_route=\/wp\/v2\/users\/1"}],"replies":[{"embeddable":true,"href":"http:\/\/escuela.teologialaicos.org\/index.php?rest_route=%2Fwp%2Fv2%2Fcomments&post=333"}],"version-history":[{"count":5,"href":"http:\/\/escuela.teologialaicos.org\/index.php?rest_route=\/wp\/v2\/pages\/333\/revisions"}],"predecessor-version":[{"id":353,"href":"http:\/\/escuela.teologialaicos.org\/index.php?rest_route=\/wp\/v2\/pages\/333\/revisions\/353"}],"up":[{"embeddable":true,"href":"http:\/\/escuela.teologialaicos.org\/index.php?rest_route=\/wp\/v2\/pages\/71"}],"wp:attachment":[{"href":"http:\/\/escuela.teologialaicos.org\/index.php?rest_route=%2Fwp%2Fv2%2Fmedia&parent=333"}],"curies":[{"name":"wp","href":"https:\/\/api.w.org\/{rel}","templated":true}]}}